{"id":816,"date":"2026-03-23T10:57:44","date_gmt":"2026-03-23T09:57:44","guid":{"rendered":"https:\/\/www.gfpraloup.com\/informativa-sulla-privacy\/"},"modified":"2026-03-26T16:13:04","modified_gmt":"2026-03-26T15:13:04","slug":"informativa-sulla-privacy","status":"publish","type":"page","link":"https:\/\/www.gfpraloup.com\/it\/informativa-sulla-privacy\/","title":{"rendered":"Informativa sulla privacy"},"content":{"rendered":"\n<h2 class=\"wp-block-heading\">Chi siamo?<\/h2>\n\n<p><strong class=\"privacy-policy-tutorial\">Testo suggerito: <\/strong>L&#8217;indirizzo del nostro sito web \u00e8: https:\/\/www.gfpraloup.com.<\/p>\n\n<h2 class=\"wp-block-heading\">Commenti<\/h2>\n\n<p><strong class=\"privacy-policy-tutorial\">Testo suggerito: <\/strong>Quando lasci un commento sul nostro sito, i dati inseriti nel modulo di commento, cos\u00ec come il tuo indirizzo IP e lo user agent del tuo browser, vengono raccolti per aiutarci a individuare i commenti indesiderati.<\/p>\n\n<p>Una stringa anonima creata a partire dal tuo indirizzo e-mail (nota anche come hash) pu\u00f2 essere inviata al servizio Gravatar per verificare che tu lo stia utilizzando. L&#8217;informativa sulla privacy di Gravatar \u00e8 disponibile qui: https:\/\/automattic.com\/privacy\/. Una volta che il tuo commento \u00e8 stato convalidato, la foto del tuo profilo sar\u00e0 visibile pubblicamente accanto al tuo commento.<\/p>\n\n<h2 class=\"wp-block-heading\">Media<\/h2>\n\n<p><strong class=\"privacy-policy-tutorial\">Testo suggerito: <\/strong>Se carichi immagini sul sito, ti consigliamo di evitare di caricare immagini contenenti dati EXIF di coordinate GPS. Le persone che visitano il tuo sito possono scaricare ed estrarre i dati di localizzazione da queste immagini.<\/p>\n\n<h2 class=\"wp-block-heading\">Biscotti<\/h2>\n\n<p><strong class=\"privacy-policy-tutorial\">Testo suggerito: <\/strong>Se lasci un commento sul nostro sito, ti verr\u00e0 chiesto di salvare il tuo nome, l&#8217;indirizzo e-mail e il sito nei cookie. Questo \u00e8 solo per comodit\u00e0, in modo che tu non debba inserire queste informazioni se pubblichi un altro commento in seguito. Questi cookie scadono dopo un anno.<\/p>\n\n<p>Se accedi alla pagina di login, verr\u00e0 creato un cookie temporaneo per determinare se il tuo browser accetta i cookie. Non contiene dati personali e verr\u00e0 cancellato automaticamente alla chiusura del browser.<\/p>\n\n<p>Quando effettui l&#8217;accesso, imposteremo una serie di cookie per registrare i tuoi dati di accesso e le tue preferenze sullo schermo. La durata di un cookie di connessione \u00e8 di due giorni, quella di un cookie di opzione dello schermo \u00e8 di un anno. Se selezioni &#8220;Ricordami&#8221;, il cookie di connessione verr\u00e0 memorizzato per quindici giorni. Se esci dal tuo account, il cookie di connessione verr\u00e0 cancellato.<\/p>\n\n<p>Modificando o pubblicando una pubblicazione, un ulteriore cookie verr\u00e0 memorizzato nel tuo browser. Questo cookie non contiene dati personali. Indica semplicemente l&#8217;ID della pubblicazione che hai appena modificato. Scade dopo un giorno.<\/p>\n\n<h2 class=\"wp-block-heading\">Contenuti incorporati da altri siti<\/h2>\n\n<p><strong class=\"privacy-policy-tutorial\">Testo suggerito: <\/strong>Gli articoli di questo sito possono includere contenuti incorporati (ad esempio video, immagini, articoli, ecc.). I contenuti integrati da altri siti si comportano come se il visitatore stesse visitando l&#8217;altro sito.<\/p>\n\n<p>Questi siti web possono raccogliere dati su di te, utilizzare cookie, incorporare strumenti di tracciamento di terze parti e tracciare le tue interazioni con questi contenuti incorporati se hai un account collegato al loro sito web.<\/p>\n\n<h2 class=\"wp-block-heading\">Utilizzo e trasmissione dei tuoi dati personali<\/h2>\n\n<p><strong class=\"privacy-policy-tutorial\">Testo suggerito: <\/strong>Se richiedi la reimpostazione della password, il tuo indirizzo IP sar\u00e0 incluso nell&#8217;e-mail di reimpostazione.<\/p>\n\n<h2 class=\"wp-block-heading\">Periodi di conservazione dei tuoi dati<\/h2>\n\n<p><strong class=\"privacy-policy-tutorial\">Testo suggerito: <\/strong>Se lasci un commento, il commento e i suoi metadati vengono conservati a tempo indeterminato. In questo modo i commenti successivi verranno riconosciuti e approvati automaticamente, invece di rimanere nella coda di moderazione.<\/p>\n\n<p>Per gli account che si registrano sul nostro sito (ove applicabile), memorizziamo anche i dati personali indicati nel loro profilo. Tutti gli account possono visualizzare, modificare o cancellare le proprie informazioni personali in qualsiasi momento (ad eccezione del proprio login). Anche i gestori del sito possono visualizzare e modificare queste informazioni.<\/p>\n\n<h2 class=\"wp-block-heading\">I diritti che hai sui tuoi dati<\/h2>\n\n<p><strong class=\"privacy-policy-tutorial\">Testo suggerito: <\/strong>Se hai un account o hai lasciato commenti sul sito, puoi richiedere di ricevere un file contenente tutti i dati personali in nostro possesso, compresi quelli che ci hai fornito. Puoi anche chiedere la cancellazione dei tuoi dati personali. Questo non include i dati memorizzati per scopi amministrativi, legali o di sicurezza.<\/p>\n\n<h2 class=\"wp-block-heading\">Dove vengono inviati i tuoi dati<\/h2>\n\n<p><strong class=\"privacy-policy-tutorial\">Testo suggerito: <\/strong>I commenti dei visitatori possono essere controllati con un servizio automatico per individuare i commenti indesiderati.<\/p>\n","protected":false},"excerpt":{"rendered":"<p>Chi siamo? Testo suggerito: L&#8217;indirizzo del nostro sito web \u00e8: https:\/\/www.gfpraloup.com. Commenti Testo suggerito: Quando lasci un commento sul nostro sito, i dati inseriti nel modulo di commento, cos\u00ec come il tuo indirizzo IP e lo user agent del tuo browser, vengono raccolti per aiutarci a individuare i commenti indesiderati. Una stringa anonima creata a [&hellip;]<\/p>\n","protected":false},"author":1,"featured_media":0,"parent":0,"menu_order":0,"comment_status":"closed","ping_status":"open","template":"","meta":{"menu_page_1":"","menu_page_2":"","footnotes":""},"class_list":["post-816","page","type-page","status-publish","hentry"],"yoast_head":"<!-- This site is optimized with the Yoast SEO plugin v27.2 - https:\/\/yoast.com\/product\/yoast-seo-wordpress\/ -->\n<title>Informativa sulla privacy - GF PraLoup<\/title>\n<meta name=\"robots\" content=\"index, follow, max-snippet:-1, max-image-preview:large, max-video-preview:-1\" \/>\n<link rel=\"canonical\" href=\"https:\/\/www.gfpraloup.com\/it\/informativa-sulla-privacy\/\" \/>\n<meta property=\"og:locale\" content=\"it_IT\" \/>\n<meta property=\"og:type\" content=\"article\" \/>\n<meta property=\"og:title\" content=\"Informativa sulla privacy - GF PraLoup\" \/>\n<meta property=\"og:description\" content=\"Chi siamo? Testo suggerito: L&#8217;indirizzo del nostro sito web \u00e8: https:\/\/www.gfpraloup.com. Commenti Testo suggerito: Quando lasci un commento sul nostro sito, i dati inseriti nel modulo di commento, cos\u00ec come il tuo indirizzo IP e lo user agent del tuo browser, vengono raccolti per aiutarci a individuare i commenti indesiderati. Una stringa anonima creata a [&hellip;]\" \/>\n<meta property=\"og:url\" content=\"https:\/\/www.gfpraloup.com\/it\/informativa-sulla-privacy\/\" \/>\n<meta property=\"og:site_name\" content=\"GF PraLoup\" \/>\n<meta property=\"article:modified_time\" content=\"2026-03-26T15:13:04+00:00\" \/>\n<meta name=\"twitter:card\" content=\"summary_large_image\" \/>\n<meta name=\"twitter:label1\" content=\"Tempo di lettura stimato\" \/>\n\t<meta name=\"twitter:data1\" content=\"3 minuto\" \/>\n<script type=\"application\/ld+json\" class=\"yoast-schema-graph\">{\"@context\":\"https:\/\/schema.org\",\"@graph\":[{\"@type\":\"WebPage\",\"@id\":\"https:\/\/www.gfpraloup.com\/it\/informativa-sulla-privacy\/\",\"url\":\"https:\/\/www.gfpraloup.com\/it\/informativa-sulla-privacy\/\",\"name\":\"Informativa sulla privacy - GF PraLoup\",\"isPartOf\":{\"@id\":\"https:\/\/gfpraloup.websenso.dev\/#website\"},\"datePublished\":\"2026-03-23T09:57:44+00:00\",\"dateModified\":\"2026-03-26T15:13:04+00:00\",\"breadcrumb\":{\"@id\":\"https:\/\/www.gfpraloup.com\/it\/informativa-sulla-privacy\/#breadcrumb\"},\"inLanguage\":\"it-IT\",\"potentialAction\":[{\"@type\":\"ReadAction\",\"target\":[\"https:\/\/www.gfpraloup.com\/it\/informativa-sulla-privacy\/\"]}]},{\"@type\":\"BreadcrumbList\",\"@id\":\"https:\/\/www.gfpraloup.com\/it\/informativa-sulla-privacy\/#breadcrumb\",\"itemListElement\":[{\"@type\":\"ListItem\",\"position\":1,\"name\":\"Accueil\",\"item\":\"https:\/\/www.gfpraloup.com\/it\/\"},{\"@type\":\"ListItem\",\"position\":2,\"name\":\"Informativa sulla privacy\"}]},{\"@type\":\"WebSite\",\"@id\":\"https:\/\/gfpraloup.websenso.dev\/#website\",\"url\":\"https:\/\/gfpraloup.websenso.dev\/\",\"name\":\"GF PraLoup\",\"description\":\"L&#039;\u00e9v\u00e9nement cyclo de l&#039;Ubaye : 26 juillet 2026\",\"publisher\":{\"@id\":\"https:\/\/gfpraloup.websenso.dev\/#organization\"},\"potentialAction\":[{\"@type\":\"SearchAction\",\"target\":{\"@type\":\"EntryPoint\",\"urlTemplate\":\"https:\/\/gfpraloup.websenso.dev\/?s={search_term_string}\"},\"query-input\":{\"@type\":\"PropertyValueSpecification\",\"valueRequired\":true,\"valueName\":\"search_term_string\"}}],\"inLanguage\":\"it-IT\"},{\"@type\":\"Organization\",\"@id\":\"https:\/\/gfpraloup.websenso.dev\/#organization\",\"name\":\"GF PraLoup\",\"url\":\"https:\/\/gfpraloup.websenso.dev\/\",\"logo\":{\"@type\":\"ImageObject\",\"inLanguage\":\"it-IT\",\"@id\":\"https:\/\/gfpraloup.websenso.dev\/#\/schema\/logo\/image\/\",\"url\":\"https:\/\/www.gfpraloup.com\/wp-content\/uploads\/2026\/03\/gf-praloup-logos-01.svg\",\"contentUrl\":\"https:\/\/www.gfpraloup.com\/wp-content\/uploads\/2026\/03\/gf-praloup-logos-01.svg\",\"caption\":\"GF PraLoup\"},\"image\":{\"@id\":\"https:\/\/gfpraloup.websenso.dev\/#\/schema\/logo\/image\/\"},\"email\":\"info@praloup.com\",\"address\":{\"@type\":\"PostalAddress\",\"streetAddress\":\"Maison du tourisme\",\"addressLocality\":\"Pra Loup\",\"postalCode\":\"04400\",\"addressCountry\":\"France\"},\"geo\":{\"@type\":\"GeoCoordinates\",\"latitude\":44.370059,\"longitude\":6.600973}}]}<\/script>\n<!-- \/ Yoast SEO plugin. -->","yoast_head_json":{"title":"Informativa sulla privacy - GF PraLoup","robots":{"index":"index","follow":"follow","max-snippet":"max-snippet:-1","max-image-preview":"max-image-preview:large","max-video-preview":"max-video-preview:-1"},"canonical":"https:\/\/www.gfpraloup.com\/it\/informativa-sulla-privacy\/","og_locale":"it_IT","og_type":"article","og_title":"Informativa sulla privacy - GF PraLoup","og_description":"Chi siamo? Testo suggerito: L&#8217;indirizzo del nostro sito web \u00e8: https:\/\/www.gfpraloup.com. Commenti Testo suggerito: Quando lasci un commento sul nostro sito, i dati inseriti nel modulo di commento, cos\u00ec come il tuo indirizzo IP e lo user agent del tuo browser, vengono raccolti per aiutarci a individuare i commenti indesiderati. Una stringa anonima creata a [&hellip;]","og_url":"https:\/\/www.gfpraloup.com\/it\/informativa-sulla-privacy\/","og_site_name":"GF PraLoup","article_modified_time":"2026-03-26T15:13:04+00:00","twitter_card":"summary_large_image","twitter_misc":{"Tempo di lettura stimato":"3 minuto"},"schema":{"@context":"https:\/\/schema.org","@graph":[{"@type":"WebPage","@id":"https:\/\/www.gfpraloup.com\/it\/informativa-sulla-privacy\/","url":"https:\/\/www.gfpraloup.com\/it\/informativa-sulla-privacy\/","name":"Informativa sulla privacy - GF PraLoup","isPartOf":{"@id":"https:\/\/gfpraloup.websenso.dev\/#website"},"datePublished":"2026-03-23T09:57:44+00:00","dateModified":"2026-03-26T15:13:04+00:00","breadcrumb":{"@id":"https:\/\/www.gfpraloup.com\/it\/informativa-sulla-privacy\/#breadcrumb"},"inLanguage":"it-IT","potentialAction":[{"@type":"ReadAction","target":["https:\/\/www.gfpraloup.com\/it\/informativa-sulla-privacy\/"]}]},{"@type":"BreadcrumbList","@id":"https:\/\/www.gfpraloup.com\/it\/informativa-sulla-privacy\/#breadcrumb","itemListElement":[{"@type":"ListItem","position":1,"name":"Accueil","item":"https:\/\/www.gfpraloup.com\/it\/"},{"@type":"ListItem","position":2,"name":"Informativa sulla privacy"}]},{"@type":"WebSite","@id":"https:\/\/gfpraloup.websenso.dev\/#website","url":"https:\/\/gfpraloup.websenso.dev\/","name":"GF PraLoup","description":"L&#039;\u00e9v\u00e9nement cyclo de l&#039;Ubaye : 26 juillet 2026","publisher":{"@id":"https:\/\/gfpraloup.websenso.dev\/#organization"},"potentialAction":[{"@type":"SearchAction","target":{"@type":"EntryPoint","urlTemplate":"https:\/\/gfpraloup.websenso.dev\/?s={search_term_string}"},"query-input":{"@type":"PropertyValueSpecification","valueRequired":true,"valueName":"search_term_string"}}],"inLanguage":"it-IT"},{"@type":"Organization","@id":"https:\/\/gfpraloup.websenso.dev\/#organization","name":"GF PraLoup","url":"https:\/\/gfpraloup.websenso.dev\/","logo":{"@type":"ImageObject","inLanguage":"it-IT","@id":"https:\/\/gfpraloup.websenso.dev\/#\/schema\/logo\/image\/","url":"https:\/\/www.gfpraloup.com\/wp-content\/uploads\/2026\/03\/gf-praloup-logos-01.svg","contentUrl":"https:\/\/www.gfpraloup.com\/wp-content\/uploads\/2026\/03\/gf-praloup-logos-01.svg","caption":"GF PraLoup"},"image":{"@id":"https:\/\/gfpraloup.websenso.dev\/#\/schema\/logo\/image\/"},"email":"info@praloup.com","address":{"@type":"PostalAddress","streetAddress":"Maison du tourisme","addressLocality":"Pra Loup","postalCode":"04400","addressCountry":"France"},"geo":{"@type":"GeoCoordinates","latitude":44.370059,"longitude":6.600973}}]}},"_links":{"self":[{"href":"https:\/\/www.gfpraloup.com\/it\/wp-json\/wp\/v2\/pages\/816","targetHints":{"allow":["GET"]}}],"collection":[{"href":"https:\/\/www.gfpraloup.com\/it\/wp-json\/wp\/v2\/pages"}],"about":[{"href":"https:\/\/www.gfpraloup.com\/it\/wp-json\/wp\/v2\/types\/page"}],"author":[{"embeddable":true,"href":"https:\/\/www.gfpraloup.com\/it\/wp-json\/wp\/v2\/users\/1"}],"replies":[{"embeddable":true,"href":"https:\/\/www.gfpraloup.com\/it\/wp-json\/wp\/v2\/comments?post=816"}],"version-history":[{"count":1,"href":"https:\/\/www.gfpraloup.com\/it\/wp-json\/wp\/v2\/pages\/816\/revisions"}],"predecessor-version":[{"id":817,"href":"https:\/\/www.gfpraloup.com\/it\/wp-json\/wp\/v2\/pages\/816\/revisions\/817"}],"wp:attachment":[{"href":"https:\/\/www.gfpraloup.com\/it\/wp-json\/wp\/v2\/media?parent=816"}],"curies":[{"name":"wp","href":"https:\/\/api.w.org\/{rel}","templated":true}]}}