{"id":734,"date":"2026-03-23T11:55:18","date_gmt":"2026-03-23T10:55:18","guid":{"rendered":"https:\/\/www.gfpraloup.com\/negozio\/"},"modified":"2026-04-03T15:59:04","modified_gmt":"2026-04-03T13:59:04","slug":"negozio","status":"publish","type":"page","link":"https:\/\/www.gfpraloup.com\/it\/negozio\/","title":{"rendered":"Negozio"},"content":{"rendered":"\n<div class=\"wp-block-ws-library-ws-header-interne alignfull\"><div class=\"header-container\"><div class=\"group-media has-image\"><img loading=\"lazy\" decoding=\"async\" width=\"2560\" height=\"1709\" src=\"https:\/\/www.gfpraloup.com\/wp-content\/uploads\/2026\/03\/cyclisme-col-dallos-manu-molle-8-scaled.webp\" alt=\"\" class=\"image_large_square wp-image-49 \" srcset=\"https:\/\/www.gfpraloup.com\/wp-content\/uploads\/2026\/03\/cyclisme-col-dallos-manu-molle-8-scaled.webp 2560w, https:\/\/www.gfpraloup.com\/wp-content\/uploads\/2026\/03\/cyclisme-col-dallos-manu-molle-8-scaled-300x200.webp 300w, https:\/\/www.gfpraloup.com\/wp-content\/uploads\/2026\/03\/cyclisme-col-dallos-manu-molle-8-scaled-1024x684.webp 1024w, https:\/\/www.gfpraloup.com\/wp-content\/uploads\/2026\/03\/cyclisme-col-dallos-manu-molle-8-scaled-768x513.webp 768w, https:\/\/www.gfpraloup.com\/wp-content\/uploads\/2026\/03\/cyclisme-col-dallos-manu-molle-8-scaled-1536x1025.webp 1536w, https:\/\/www.gfpraloup.com\/wp-content\/uploads\/2026\/03\/cyclisme-col-dallos-manu-molle-8-scaled-2048x1367.webp 2048w, https:\/\/www.gfpraloup.com\/wp-content\/uploads\/2026\/03\/cyclisme-col-dallos-manu-molle-8-scaled-320x215.webp 320w, https:\/\/www.gfpraloup.com\/wp-content\/uploads\/2026\/03\/cyclisme-col-dallos-manu-molle-8-scaled-60x40.webp 60w, https:\/\/www.gfpraloup.com\/wp-content\/uploads\/2026\/03\/cyclisme-col-dallos-manu-molle-8-scaled-120x80.webp 120w, https:\/\/www.gfpraloup.com\/wp-content\/uploads\/2026\/03\/cyclisme-col-dallos-manu-molle-8-scaled-854x570.webp 854w\" sizes=\"auto, (max-width: 2560px) 100vw, 2560px\" \/><\/div><div class=\"group-content\"><div class=\"title\"><h1>Negozio<\/h1><\/div><\/div><\/div><div class=\"yoast-breadcrumbs\"><span><span><a href=\"https:\/\/www.gfpraloup.com\/it\/\">Accueil<\/a><\/span>  <span class=\"breadcrumb_last\" aria-current=\"page\">Negozio<\/span><\/span><\/div><\/div>\n\n<div class=\"wp-block-ws-library-ws-title\"><h2>GF PraLoup - Negozio ufficiale<\/h2><\/div>\n\n<p class=\"has-text-align-center\">Dalla borraccia GF PraLoup alla maglia da collezione di questa prima edizione, nel negozio troverai tutto ci\u00f2 che ti serve per divertirti e portare i colori di questo nuovo ciclosportivo in modo forte e chiaro!  <\/p>\n\n<div class=\"wp-block-group is-content-justification-left is-nowrap is-layout-flex wp-container-core-group-is-layout-a1ed96d5 wp-block-group-is-layout-flex\">\n<div class=\"wp-block-group has-global-padding is-layout-constrained wp-block-group-is-layout-constrained\">\n<div class=\"wp-block-ws-library-ws-title\"><h4>Can<br>GF PraLoup<\/h4><\/div>\n\n\n\n<div class=\"wp-block-ws-library-ws-video\"><div class=\"wrapper\"><div class=\"group-media\">\n<figure class=\"wp-block-video aligncenter video-block\"><video height=\"1920\" style=\"aspect-ratio: 1080 \/ 1920;\" width=\"1080\" autoplay=\"\" controls=\"\" loop=\"\" muted=\"\" src=\"https:\/\/www.gfpraloup.com\/wp-content\/uploads\/2026\/03\/sequence-01-1xv.mp4\" playsinline=\"\"><\/video><\/figure>\n<\/div><\/div><\/div>\n\n\n\n<div class=\"wp-block-ws-library-ws-title\"><h4>8\u20ac<\/h4><\/div>\n\n\n\n<p class=\"has-text-align-center\"><strong>Zefal SenseSoft 65<\/strong><\/p>\n\n\n\n<p class=\"has-text-align-center\">Un biberon in polipropilene di alta gamma per ottenere il miglior compromesso tra flessibilit\u00e0, gusto neutro e odore, con una tettarella in morbido silicone per una piacevole sensazione in bocca.<\/p>\n<\/div>\n\n\n\n<div class=\"wp-block-group has-global-padding is-layout-constrained wp-block-group-is-layout-constrained\">\n<div class=\"wp-block-ws-library-ws-title\"><h4>Jersey <br>GF PraLoup<\/h4><\/div>\n\n\n\n<div class=\"wp-block-ws-library-ws-video\"><div class=\"wrapper\"><div class=\"group-media\">\n<figure class=\"wp-block-video aligncenter video-block\"><video height=\"1920\" style=\"aspect-ratio: 1080 \/ 1920;\" width=\"1080\" autoplay=\"\" controls=\"\" loop=\"\" muted=\"\" src=\"https:\/\/www.gfpraloup.com\/wp-content\/uploads\/2026\/04\/gf-praloup-v7.mp4\" playsinline=\"\"><\/video><\/figure>\n<\/div><\/div><\/div>\n\n\n\n<div class=\"wp-block-ws-library-ws-title\"><h4>50\u20ac<\/h4><\/div>\n\n\n\n<p class=\"has-text-align-center\"><strong>Gsport - Gamma Aero  <\/strong><\/p>\n\n\n\n<p class=\"has-text-align-center\">Il <strong>Maillot Aero<\/strong> \u00e8 una maglia versatile, ideale per tutti i tipi di uscite, dagli allenamenti intensivi alle corse pi\u00f9 tranquille. \u00c8 realizzata con tessuti leggeri che giocano con le diverse consistenze. <\/p>\n\n\n\n<p class=\"has-text-align-center\">Venduto a \u20ac79 nei negozi.<\/p>\n<\/div>\n<\/div>\n\n<hr class=\"wp-block-separator has-alpha-channel-opacity\"\/>\n\n<p class=\"has-text-align-center\">Vai al modulo di registrazione per acquistare questi due articoli opzionali del negozio!  <\/p>\n\n<div class=\"wp-block-ws-library-ws-button has-text-align-center\"><a href=\"https:\/\/in.njuko.com\/gf-praloup-2026\" class=\"wp-block-button__link wp-element-button btn\">  REGISTRATI ORA!<\/a><\/div>\n\n<p><\/p>\n","protected":false},"excerpt":{"rendered":"<p>Dalla borraccia GF PraLoup alla maglia da collezione di questa prima edizione, nel negozio troverai tutto ci\u00f2 che ti serve per divertirti e portare i colori di questo nuovo ciclosportivo in modo forte e chiaro! Zefal SenseSoft 65 Un biberon in polipropilene di alta gamma per ottenere il miglior compromesso tra flessibilit\u00e0, gusto neutro e [&hellip;]<\/p>\n","protected":false},"author":1,"featured_media":1111,"parent":0,"menu_order":0,"comment_status":"closed","ping_status":"closed","template":"","meta":{"menu_page_1":"","menu_page_2":"","footnotes":""},"class_list":["post-734","page","type-page","status-publish","has-post-thumbnail","hentry"],"yoast_head":"<!-- This site is optimized with the Yoast SEO plugin v27.2 - https:\/\/yoast.com\/product\/yoast-seo-wordpress\/ -->\n<title>Negozio - GF PraLoup<\/title>\n<meta name=\"robots\" content=\"index, follow, max-snippet:-1, max-image-preview:large, max-video-preview:-1\" \/>\n<link rel=\"canonical\" href=\"https:\/\/www.gfpraloup.com\/it\/negozio\/\" \/>\n<meta property=\"og:locale\" content=\"it_IT\" \/>\n<meta property=\"og:type\" content=\"article\" \/>\n<meta property=\"og:title\" content=\"Negozio - GF PraLoup\" \/>\n<meta property=\"og:description\" content=\"Dalla borraccia GF PraLoup alla maglia da collezione di questa prima edizione, nel negozio troverai tutto ci\u00f2 che ti serve per divertirti e portare i colori di questo nuovo ciclosportivo in modo forte e chiaro! Zefal SenseSoft 65 Un biberon in polipropilene di alta gamma per ottenere il miglior compromesso tra flessibilit\u00e0, gusto neutro e [&hellip;]\" \/>\n<meta property=\"og:url\" content=\"https:\/\/www.gfpraloup.com\/it\/negozio\/\" \/>\n<meta property=\"og:site_name\" content=\"GF PraLoup\" \/>\n<meta property=\"article:modified_time\" content=\"2026-04-03T13:59:04+00:00\" \/>\n<meta property=\"og:image\" content=\"https:\/\/www.gfpraloup.com\/wp-content\/uploads\/2026\/03\/small-cyclist-big-bridge-1024x683-1.jpg\" \/>\n\t<meta property=\"og:image:width\" content=\"1024\" \/>\n\t<meta property=\"og:image:height\" content=\"683\" \/>\n\t<meta property=\"og:image:type\" content=\"image\/jpeg\" \/>\n<meta name=\"twitter:card\" content=\"summary_large_image\" \/>\n<meta name=\"twitter:label1\" content=\"Tempo di lettura stimato\" \/>\n\t<meta name=\"twitter:data1\" content=\"1 minuto\" \/>\n<script type=\"application\/ld+json\" class=\"yoast-schema-graph\">{\"@context\":\"https:\/\/schema.org\",\"@graph\":[{\"@type\":\"WebPage\",\"@id\":\"https:\/\/www.gfpraloup.com\/it\/negozio\/\",\"url\":\"https:\/\/www.gfpraloup.com\/it\/negozio\/\",\"name\":\"Negozio - GF PraLoup\",\"isPartOf\":{\"@id\":\"https:\/\/gfpraloup.websenso.dev\/#website\"},\"primaryImageOfPage\":{\"@id\":\"https:\/\/www.gfpraloup.com\/it\/negozio\/#primaryimage\"},\"image\":{\"@id\":\"https:\/\/www.gfpraloup.com\/it\/negozio\/#primaryimage\"},\"thumbnailUrl\":\"https:\/\/www.gfpraloup.com\/wp-content\/uploads\/2026\/03\/small-cyclist-big-bridge-1024x683-1.jpg\",\"datePublished\":\"2026-03-23T10:55:18+00:00\",\"dateModified\":\"2026-04-03T13:59:04+00:00\",\"breadcrumb\":{\"@id\":\"https:\/\/www.gfpraloup.com\/it\/negozio\/#breadcrumb\"},\"inLanguage\":\"it-IT\",\"potentialAction\":[{\"@type\":\"ReadAction\",\"target\":[\"https:\/\/www.gfpraloup.com\/it\/negozio\/\"]}]},{\"@type\":\"ImageObject\",\"inLanguage\":\"it-IT\",\"@id\":\"https:\/\/www.gfpraloup.com\/it\/negozio\/#primaryimage\",\"url\":\"https:\/\/www.gfpraloup.com\/wp-content\/uploads\/2026\/03\/small-cyclist-big-bridge-1024x683-1.jpg\",\"contentUrl\":\"https:\/\/www.gfpraloup.com\/wp-content\/uploads\/2026\/03\/small-cyclist-big-bridge-1024x683-1.jpg\",\"width\":1024,\"height\":683},{\"@type\":\"BreadcrumbList\",\"@id\":\"https:\/\/www.gfpraloup.com\/it\/negozio\/#breadcrumb\",\"itemListElement\":[{\"@type\":\"ListItem\",\"position\":1,\"name\":\"Accueil\",\"item\":\"https:\/\/www.gfpraloup.com\/it\/\"},{\"@type\":\"ListItem\",\"position\":2,\"name\":\"Negozio\"}]},{\"@type\":\"WebSite\",\"@id\":\"https:\/\/gfpraloup.websenso.dev\/#website\",\"url\":\"https:\/\/gfpraloup.websenso.dev\/\",\"name\":\"GF PraLoup\",\"description\":\"L&#039;\u00e9v\u00e9nement cyclo de l&#039;Ubaye : 26 juillet 2026\",\"publisher\":{\"@id\":\"https:\/\/gfpraloup.websenso.dev\/#organization\"},\"potentialAction\":[{\"@type\":\"SearchAction\",\"target\":{\"@type\":\"EntryPoint\",\"urlTemplate\":\"https:\/\/gfpraloup.websenso.dev\/?s={search_term_string}\"},\"query-input\":{\"@type\":\"PropertyValueSpecification\",\"valueRequired\":true,\"valueName\":\"search_term_string\"}}],\"inLanguage\":\"it-IT\"},{\"@type\":\"Organization\",\"@id\":\"https:\/\/gfpraloup.websenso.dev\/#organization\",\"name\":\"GF PraLoup\",\"url\":\"https:\/\/gfpraloup.websenso.dev\/\",\"logo\":{\"@type\":\"ImageObject\",\"inLanguage\":\"it-IT\",\"@id\":\"https:\/\/gfpraloup.websenso.dev\/#\/schema\/logo\/image\/\",\"url\":\"https:\/\/www.gfpraloup.com\/wp-content\/uploads\/2026\/03\/gf-praloup-logos-01.svg\",\"contentUrl\":\"https:\/\/www.gfpraloup.com\/wp-content\/uploads\/2026\/03\/gf-praloup-logos-01.svg\",\"caption\":\"GF PraLoup\"},\"image\":{\"@id\":\"https:\/\/gfpraloup.websenso.dev\/#\/schema\/logo\/image\/\"},\"email\":\"info@praloup.com\",\"address\":{\"@type\":\"PostalAddress\",\"streetAddress\":\"Maison du tourisme\",\"addressLocality\":\"Pra Loup\",\"postalCode\":\"04400\",\"addressCountry\":\"France\"},\"geo\":{\"@type\":\"GeoCoordinates\",\"latitude\":44.370059,\"longitude\":6.600973}}]}<\/script>\n<!-- \/ Yoast SEO plugin. -->","yoast_head_json":{"title":"Negozio - GF PraLoup","robots":{"index":"index","follow":"follow","max-snippet":"max-snippet:-1","max-image-preview":"max-image-preview:large","max-video-preview":"max-video-preview:-1"},"canonical":"https:\/\/www.gfpraloup.com\/it\/negozio\/","og_locale":"it_IT","og_type":"article","og_title":"Negozio - GF PraLoup","og_description":"Dalla borraccia GF PraLoup alla maglia da collezione di questa prima edizione, nel negozio troverai tutto ci\u00f2 che ti serve per divertirti e portare i colori di questo nuovo ciclosportivo in modo forte e chiaro! Zefal SenseSoft 65 Un biberon in polipropilene di alta gamma per ottenere il miglior compromesso tra flessibilit\u00e0, gusto neutro e [&hellip;]","og_url":"https:\/\/www.gfpraloup.com\/it\/negozio\/","og_site_name":"GF PraLoup","article_modified_time":"2026-04-03T13:59:04+00:00","og_image":[{"width":1024,"height":683,"url":"https:\/\/www.gfpraloup.com\/wp-content\/uploads\/2026\/03\/small-cyclist-big-bridge-1024x683-1.jpg","type":"image\/jpeg"}],"twitter_card":"summary_large_image","twitter_misc":{"Tempo di lettura stimato":"1 minuto"},"schema":{"@context":"https:\/\/schema.org","@graph":[{"@type":"WebPage","@id":"https:\/\/www.gfpraloup.com\/it\/negozio\/","url":"https:\/\/www.gfpraloup.com\/it\/negozio\/","name":"Negozio - GF PraLoup","isPartOf":{"@id":"https:\/\/gfpraloup.websenso.dev\/#website"},"primaryImageOfPage":{"@id":"https:\/\/www.gfpraloup.com\/it\/negozio\/#primaryimage"},"image":{"@id":"https:\/\/www.gfpraloup.com\/it\/negozio\/#primaryimage"},"thumbnailUrl":"https:\/\/www.gfpraloup.com\/wp-content\/uploads\/2026\/03\/small-cyclist-big-bridge-1024x683-1.jpg","datePublished":"2026-03-23T10:55:18+00:00","dateModified":"2026-04-03T13:59:04+00:00","breadcrumb":{"@id":"https:\/\/www.gfpraloup.com\/it\/negozio\/#breadcrumb"},"inLanguage":"it-IT","potentialAction":[{"@type":"ReadAction","target":["https:\/\/www.gfpraloup.com\/it\/negozio\/"]}]},{"@type":"ImageObject","inLanguage":"it-IT","@id":"https:\/\/www.gfpraloup.com\/it\/negozio\/#primaryimage","url":"https:\/\/www.gfpraloup.com\/wp-content\/uploads\/2026\/03\/small-cyclist-big-bridge-1024x683-1.jpg","contentUrl":"https:\/\/www.gfpraloup.com\/wp-content\/uploads\/2026\/03\/small-cyclist-big-bridge-1024x683-1.jpg","width":1024,"height":683},{"@type":"BreadcrumbList","@id":"https:\/\/www.gfpraloup.com\/it\/negozio\/#breadcrumb","itemListElement":[{"@type":"ListItem","position":1,"name":"Accueil","item":"https:\/\/www.gfpraloup.com\/it\/"},{"@type":"ListItem","position":2,"name":"Negozio"}]},{"@type":"WebSite","@id":"https:\/\/gfpraloup.websenso.dev\/#website","url":"https:\/\/gfpraloup.websenso.dev\/","name":"GF PraLoup","description":"L&#039;\u00e9v\u00e9nement cyclo de l&#039;Ubaye : 26 juillet 2026","publisher":{"@id":"https:\/\/gfpraloup.websenso.dev\/#organization"},"potentialAction":[{"@type":"SearchAction","target":{"@type":"EntryPoint","urlTemplate":"https:\/\/gfpraloup.websenso.dev\/?s={search_term_string}"},"query-input":{"@type":"PropertyValueSpecification","valueRequired":true,"valueName":"search_term_string"}}],"inLanguage":"it-IT"},{"@type":"Organization","@id":"https:\/\/gfpraloup.websenso.dev\/#organization","name":"GF PraLoup","url":"https:\/\/gfpraloup.websenso.dev\/","logo":{"@type":"ImageObject","inLanguage":"it-IT","@id":"https:\/\/gfpraloup.websenso.dev\/#\/schema\/logo\/image\/","url":"https:\/\/www.gfpraloup.com\/wp-content\/uploads\/2026\/03\/gf-praloup-logos-01.svg","contentUrl":"https:\/\/www.gfpraloup.com\/wp-content\/uploads\/2026\/03\/gf-praloup-logos-01.svg","caption":"GF PraLoup"},"image":{"@id":"https:\/\/gfpraloup.websenso.dev\/#\/schema\/logo\/image\/"},"email":"info@praloup.com","address":{"@type":"PostalAddress","streetAddress":"Maison du tourisme","addressLocality":"Pra Loup","postalCode":"04400","addressCountry":"France"},"geo":{"@type":"GeoCoordinates","latitude":44.370059,"longitude":6.600973}}]}},"_links":{"self":[{"href":"https:\/\/www.gfpraloup.com\/it\/wp-json\/wp\/v2\/pages\/734","targetHints":{"allow":["GET"]}}],"collection":[{"href":"https:\/\/www.gfpraloup.com\/it\/wp-json\/wp\/v2\/pages"}],"about":[{"href":"https:\/\/www.gfpraloup.com\/it\/wp-json\/wp\/v2\/types\/page"}],"author":[{"embeddable":true,"href":"https:\/\/www.gfpraloup.com\/it\/wp-json\/wp\/v2\/users\/1"}],"replies":[{"embeddable":true,"href":"https:\/\/www.gfpraloup.com\/it\/wp-json\/wp\/v2\/comments?post=734"}],"version-history":[{"count":6,"href":"https:\/\/www.gfpraloup.com\/it\/wp-json\/wp\/v2\/pages\/734\/revisions"}],"predecessor-version":[{"id":1116,"href":"https:\/\/www.gfpraloup.com\/it\/wp-json\/wp\/v2\/pages\/734\/revisions\/1116"}],"wp:featuredmedia":[{"embeddable":true,"href":"https:\/\/www.gfpraloup.com\/it\/wp-json\/wp\/v2\/media\/1111"}],"wp:attachment":[{"href":"https:\/\/www.gfpraloup.com\/it\/wp-json\/wp\/v2\/media?parent=734"}],"curies":[{"name":"wp","href":"https:\/\/api.w.org\/{rel}","templated":true}]}}