{"id":722,"date":"2026-03-24T12:00:03","date_gmt":"2026-03-24T11:00:03","guid":{"rendered":"https:\/\/www.gfpraloup.com\/informazioni-legali-e-crediti\/"},"modified":"2026-03-26T16:12:57","modified_gmt":"2026-03-26T15:12:57","slug":"informazioni-legali-e-crediti","status":"publish","type":"page","link":"https:\/\/www.gfpraloup.com\/it\/informazioni-legali-e-crediti\/","title":{"rendered":"Informazioni legali e crediti"},"content":{"rendered":"\n<div class=\"wp-block-ws-library-ws-header-interne alignfull\"><div class=\"header-container\"><div class=\"group-media has-image\"><img decoding=\"async\" src=\"https:\/\/www.gfpraloup.com\/wp-content\/uploads\/2026\/03\/praloup-bertrand-bodin7.jpg\" alt=\"\" class=\"image_large_square wp-image-369 \"\/><\/div><div class=\"group-content\"><div class=\"title\"><h1>Informazioni legali e crediti<\/h1><\/div><\/div><\/div><div class=\"yoast-breadcrumbs\"><span><span><a href=\"https:\/\/www.gfpraloup.com\/it\/\">Accueil<\/a><\/span>  <span class=\"breadcrumb_last\" aria-current=\"page\">Informazioni legali e crediti<\/span><\/span><\/div><\/div>\n<p>Ce site est la propri\u00e9t\u00e9 de : Office de Tourisme de PraLoup<\/p>\n<p>Coordonn\u00e9es :<br \/>\nMaison du tourisme<br \/>\n04400 Pra Loup, France - <a href=\"https:\/\/www.openyourmap.link\/?q=44.370059%2C6.600973\" target=\"_blank\" class=\"openYourMapLink\" rel=\"noopener\">Vedi sulla carta<\/a><br \/>\nEmail : <a href=\"mailto:info@praloup.com\">info@praloup.com<\/a><br \/>\nSIREN : 97948629700018<\/p>\n\n<div class=\"wp-block-group has-global-padding is-layout-constrained wp-block-group-is-layout-constrained\">\n<div class=\"wp-block-columns is-layout-flex wp-container-core-columns-is-layout-6c531013 wp-block-columns-is-layout-flex\">\n<div class=\"wp-block-column is-layout-flow wp-block-column-is-layout-flow\">\n<h2 class=\"wp-block-heading\">WebDesign<\/h2>\n\n\n\n<p>L&#8217;UI\/UX Design e l&#8217;integrazione del CSS sono stati realizzati dall&#8217;<a title=\"Agence WebSenso - UX design webdesign\" href=\"https:\/\/www.websenso.com\/expertises\/ux-design\" target=\"_blank\" rel=\"noopener\">agenzia WebSenso<\/a> sulla base degli elementi forniti (logo, carta grafica, ecc.).<\/p>\n<\/div>\n\n\n\n<div class=\"wp-block-column is-layout-flow wp-block-column-is-layout-flow\">\n<h2 class=\"wp-block-heading\">Sviluppo<\/h2>\n\n\n\n<p>Questo progetto web \u00e8 stato realizzato dall&#8217;<a title=\"WebSenso Agency - Sviluppo di applicazioni WordPress\" href=\"https:\/\/www.websenso.com\" target=\"_blank\" rel=\"noopener\">agenzia WebSenso<\/a> utilizzando il CMS WordPress: impostazioni, plugin, tema, ecc.<\/p>\n<\/div>\n<\/div>\n\n\n\n<div class=\"wp-block-columns is-layout-flex wp-container-core-columns-is-layout-6c531013 wp-block-columns-is-layout-flex\">\n<div class=\"wp-block-column is-layout-flow wp-block-column-is-layout-flow\">\n<h2 class=\"wp-block-heading\">Manutenzione<\/h2>\n\n\n\n<p><a href=\"https:\/\/www.websenso.com\/expertises\/wordpress\" target=\"_blank\" rel=\"noopener\">WordPress TMA<\/a> (Third Party Application Maintenance) \u00e8 gestito dall&#8217;<a href=\"https:\/\/www.websenso.com\" target=\"_blank\" rel=\"noopener\">agenzia WebSenso<\/a>.<\/p>\n<\/div>\n\n\n\n<div class=\"wp-block-column is-layout-flow wp-block-column-is-layout-flow\">\n<h2 class=\"wp-block-heading\">Hosting<\/h2>\n\n\n\n<p>Questo servizio \u00e8 fisicamente ospitato in Francia in un data center OVHCloud.<\/p>\n<\/div>\n<\/div>\n\n\n\n<h2 class=\"wp-block-heading\">Propriet\u00e0 intellettuale<\/h2>\n\n\n\n<p>La nostra entit\u00e0 \u00e8 proprietaria dei diritti di propriet\u00e0 intellettuale o detiene i diritti di utilizzo di tutti gli elementi accessibili sul sito, in particolare testi, immagini, grafici, logo, ecc. Pertanto, prima di copiare, adattare o citare questo contenuto, ti preghiamo di ottenere un&#8217;autorizzazione scritta.<\/p>\n\n\n\n<h2 class=\"wp-block-heading\">Collegamenti ipertestuali<\/h2>\n\n\n\n<p>Durante la navigazione, ti imbatterai in diversi collegamenti ipertestuali ad altri siti web. Il nostro ente non ha la possibilit\u00e0 di verificare il contenuto di questi siti e di conseguenza non si assume alcuna responsabilit\u00e0 al riguardo.<\/p>\n\n\n\n<h2 class=\"wp-block-heading\">Biscotti<\/h2>\n\n\n\n<p>La navigazione in questo sito provoca l&#8217;installazione di piccoli file chiamati <a href=\"https:\/\/fr.wikipedia.org\/wiki\/Cookie_(informatique)\" target=\"_blank\" rel=\"nofollow noopener external\">cookie<\/a> sul browser dell&#8217;utente. Sono amichevoli e non occupano molto spazio. D&#8217;altro canto, il rifiuto di installare un cookie pu\u00f2 tecnicamente bloccare l&#8217;accesso a determinati servizi e ridurre la nostra capacit\u00e0 di migliorare l&#8217;esperienza di navigazione. Di seguito l&#8217;elenco dei cookie utilizzati.<\/p>\n\n\n\n        \n        <div class=\"table-responsive\">\n            <table class=\"table cookie-tracker-table\">\n                <thead>\n                    <tr>\n                        <th>Outil<\/th>\n                        <th>Fonctionnalit\u00e9<\/th>\n                        <th>Fichier(s)<\/th>\n                        <th>Dur\u00e9e de vie<\/th>\n                        <th>IP collect\u00e9e<\/th>\n                        <th><a href=\"https:\/\/www.eff.org\/issues\/do-not-track\" target=\"_blank\">DNT<\/a> respect\u00e9<\/th>\n                    <\/tr>\n                <\/thead>\n                <tbody>\n                    <tr>\n                        <td><strong>Ce site uniquement<\/strong> <br \/>CMS WordPress<\/td>\n                        <td>G\u00e8re les sessions utilisateur, la d\u00e9tection de JavaScript, et la persistance de la connexion.<\/td>\n                        <td>has_js<br \/>wordpress_logged_in_*<\/td>\n                        <td>Expire \u00e0 la fermeture du navigateur.<\/td>\n                        <td>-<\/td>\n                        <td>-<\/td>\n                    <\/tr>\n\n                                            <tr>\n                            <td><strong>Matomo<\/strong> <br \/>H\u00e9berg\u00e9 en France<\/td>\n                            <td>Votre navigation est mesur\u00e9e par la solution Matomo. H\u00e9berg\u00e9e sur des serveurs en France (<a href=\"https:\/\/www.websenso.com\/analytics\" target=\"_blank\">https:\/\/www.websenso.com\/analytics<\/a>), ce logiciel est configur\u00e9 avec les param\u00e8tres stricts du respect de la vie priv\u00e9.<\/td>\n                            <td> Aucun<\/td>\n                            <td>-<\/td>\n                            <td>\n                                <div style=\"color: green;\">\ud83d\ude0e R\u00e9duite<\/div>\n                                <small>IP (2 octets masqu\u00e9s)\u00a0: 216.73.xxx.xxx<\/small>\n                            <\/td>\n                            <td>\n                                -                            <\/td>\n                        <\/tr>\n                    \n                                    <\/tbody>\n            <\/table>\n        <\/div>\n\n\n\n\n\n<h2 class=\"wp-block-heading\">Gestione dei dati personali<\/h2>\n\n\n\n<p>Quando navighi su questo sito web, possono essere raccolte informazioni: origine, fornitore di accesso, indirizzo IP, ecc. Il sito raccoglie informazioni personali ai fini di alcuni servizi offerti da questo sito, vedi sopra. I visitatori hanno il diritto di accedere, rettificare e opporsi ai propri dati personali inviando una richiesta scritta all&#8217;indirizzo sopra indicato.<\/p>\n\n\n\n<h2 class=\"wp-block-heading\">Legge applicabile e giurisdizione<\/h2>\n\n\n\n<p>Qualsiasi controversia relativa all&#8217;utilizzo di questo sito \u00e8 soggetta alla legge francese e alla lingua di Moli\u00e8re. Cazzarola!<\/p>\n\n\n\n<h2 class=\"wp-block-heading\">Sei ancora qui?<\/h2>\n\n\n\n<p>Congratulazioni! Perch\u00e9 questa pagina \u00e8 sicuramente la meno interessante di questo sito \ud83d\ude09<\/p>\n<\/div>\n","protected":false},"excerpt":{"rendered":"<p>WebDesign L&#8217;UI\/UX Design e l&#8217;integrazione del CSS sono stati realizzati dall&#8217;agenzia WebSenso sulla base degli elementi forniti (logo, carta grafica, ecc.). Sviluppo Questo progetto web \u00e8 stato realizzato dall&#8217;agenzia WebSenso utilizzando il CMS WordPress: impostazioni, plugin, tema, ecc. Manutenzione WordPress TMA (Third Party Application Maintenance) \u00e8 gestito dall&#8217;agenzia WebSenso. Hosting Questo servizio \u00e8 fisicamente ospitato [&hellip;]<\/p>\n","protected":false},"author":1,"featured_media":0,"parent":0,"menu_order":0,"comment_status":"closed","ping_status":"closed","template":"","meta":{"menu_page_1":"","menu_page_2":"","footnotes":""},"class_list":["post-722","page","type-page","status-publish","hentry"],"yoast_head":"<!-- This site is optimized with the Yoast SEO plugin v27.2 - https:\/\/yoast.com\/product\/yoast-seo-wordpress\/ -->\n<title>Informazioni legali e crediti - GF PraLoup<\/title>\n<meta name=\"robots\" content=\"index, follow, max-snippet:-1, max-image-preview:large, max-video-preview:-1\" \/>\n<link rel=\"canonical\" href=\"https:\/\/www.gfpraloup.com\/it\/informazioni-legali-e-crediti\/\" \/>\n<meta property=\"og:locale\" content=\"it_IT\" \/>\n<meta property=\"og:type\" content=\"article\" \/>\n<meta property=\"og:title\" content=\"Informazioni legali e crediti - GF PraLoup\" \/>\n<meta property=\"og:description\" content=\"WebDesign L&#8217;UI\/UX Design e l&#8217;integrazione del CSS sono stati realizzati dall&#8217;agenzia WebSenso sulla base degli elementi forniti (logo, carta grafica, ecc.). Sviluppo Questo progetto web \u00e8 stato realizzato dall&#8217;agenzia WebSenso utilizzando il CMS WordPress: impostazioni, plugin, tema, ecc. Manutenzione WordPress TMA (Third Party Application Maintenance) \u00e8 gestito dall&#8217;agenzia WebSenso. Hosting Questo servizio \u00e8 fisicamente ospitato [&hellip;]\" \/>\n<meta property=\"og:url\" content=\"https:\/\/www.gfpraloup.com\/it\/informazioni-legali-e-crediti\/\" \/>\n<meta property=\"og:site_name\" content=\"GF PraLoup\" \/>\n<meta property=\"article:modified_time\" content=\"2026-03-26T15:12:57+00:00\" \/>\n<meta property=\"og:image\" content=\"https:\/\/www.gfpraloup.com\/wp-content\/uploads\/2026\/03\/praloup-bertrand-bodin7-e1774360995988.jpg\" \/>\n\t<meta property=\"og:image:width\" content=\"835\" \/>\n\t<meta property=\"og:image:height\" content=\"557\" \/>\n\t<meta property=\"og:image:type\" content=\"image\/jpeg\" \/>\n<meta name=\"twitter:card\" content=\"summary_large_image\" \/>\n<meta name=\"twitter:label1\" content=\"Tempo di lettura stimato\" \/>\n\t<meta name=\"twitter:data1\" content=\"2 minuto\" \/>\n<script type=\"application\/ld+json\" class=\"yoast-schema-graph\">{\"@context\":\"https:\/\/schema.org\",\"@graph\":[{\"@type\":\"WebPage\",\"@id\":\"https:\/\/www.gfpraloup.com\/it\/informazioni-legali-e-crediti\/\",\"url\":\"https:\/\/www.gfpraloup.com\/it\/informazioni-legali-e-crediti\/\",\"name\":\"Informazioni legali e crediti - GF PraLoup\",\"isPartOf\":{\"@id\":\"https:\/\/gfpraloup.websenso.dev\/#website\"},\"primaryImageOfPage\":{\"@id\":\"https:\/\/www.gfpraloup.com\/it\/informazioni-legali-e-crediti\/#primaryimage\"},\"image\":{\"@id\":\"https:\/\/www.gfpraloup.com\/it\/informazioni-legali-e-crediti\/#primaryimage\"},\"thumbnailUrl\":\"https:\/\/www.gfpraloup.com\/wp-content\/uploads\/2026\/03\/praloup-bertrand-bodin7.jpg\",\"datePublished\":\"2026-03-24T11:00:03+00:00\",\"dateModified\":\"2026-03-26T15:12:57+00:00\",\"breadcrumb\":{\"@id\":\"https:\/\/www.gfpraloup.com\/it\/informazioni-legali-e-crediti\/#breadcrumb\"},\"inLanguage\":\"it-IT\",\"potentialAction\":[{\"@type\":\"ReadAction\",\"target\":[\"https:\/\/www.gfpraloup.com\/it\/informazioni-legali-e-crediti\/\"]}]},{\"@type\":\"ImageObject\",\"inLanguage\":\"it-IT\",\"@id\":\"https:\/\/www.gfpraloup.com\/it\/informazioni-legali-e-crediti\/#primaryimage\",\"url\":\"https:\/\/www.gfpraloup.com\/wp-content\/uploads\/2026\/03\/praloup-bertrand-bodin7.jpg\",\"contentUrl\":\"https:\/\/www.gfpraloup.com\/wp-content\/uploads\/2026\/03\/praloup-bertrand-bodin7.jpg\"},{\"@type\":\"BreadcrumbList\",\"@id\":\"https:\/\/www.gfpraloup.com\/it\/informazioni-legali-e-crediti\/#breadcrumb\",\"itemListElement\":[{\"@type\":\"ListItem\",\"position\":1,\"name\":\"Accueil\",\"item\":\"https:\/\/www.gfpraloup.com\/it\/\"},{\"@type\":\"ListItem\",\"position\":2,\"name\":\"Informazioni legali e crediti\"}]},{\"@type\":\"WebSite\",\"@id\":\"https:\/\/gfpraloup.websenso.dev\/#website\",\"url\":\"https:\/\/gfpraloup.websenso.dev\/\",\"name\":\"GF PraLoup\",\"description\":\"L&#039;\u00e9v\u00e9nement cyclo de l&#039;Ubaye : 26 juillet 2026\",\"publisher\":{\"@id\":\"https:\/\/gfpraloup.websenso.dev\/#organization\"},\"potentialAction\":[{\"@type\":\"SearchAction\",\"target\":{\"@type\":\"EntryPoint\",\"urlTemplate\":\"https:\/\/gfpraloup.websenso.dev\/?s={search_term_string}\"},\"query-input\":{\"@type\":\"PropertyValueSpecification\",\"valueRequired\":true,\"valueName\":\"search_term_string\"}}],\"inLanguage\":\"it-IT\"},{\"@type\":\"Organization\",\"@id\":\"https:\/\/gfpraloup.websenso.dev\/#organization\",\"name\":\"GF PraLoup\",\"url\":\"https:\/\/gfpraloup.websenso.dev\/\",\"logo\":{\"@type\":\"ImageObject\",\"inLanguage\":\"it-IT\",\"@id\":\"https:\/\/gfpraloup.websenso.dev\/#\/schema\/logo\/image\/\",\"url\":\"https:\/\/www.gfpraloup.com\/wp-content\/uploads\/2026\/03\/gf-praloup-logos-01.svg\",\"contentUrl\":\"https:\/\/www.gfpraloup.com\/wp-content\/uploads\/2026\/03\/gf-praloup-logos-01.svg\",\"caption\":\"GF PraLoup\"},\"image\":{\"@id\":\"https:\/\/gfpraloup.websenso.dev\/#\/schema\/logo\/image\/\"},\"email\":\"info@praloup.com\",\"address\":{\"@type\":\"PostalAddress\",\"streetAddress\":\"Maison du tourisme\",\"addressLocality\":\"Pra Loup\",\"postalCode\":\"04400\",\"addressCountry\":\"France\"},\"geo\":{\"@type\":\"GeoCoordinates\",\"latitude\":44.370059,\"longitude\":6.600973}}]}<\/script>\n<!-- \/ Yoast SEO plugin. -->","yoast_head_json":{"title":"Informazioni legali e crediti - GF PraLoup","robots":{"index":"index","follow":"follow","max-snippet":"max-snippet:-1","max-image-preview":"max-image-preview:large","max-video-preview":"max-video-preview:-1"},"canonical":"https:\/\/www.gfpraloup.com\/it\/informazioni-legali-e-crediti\/","og_locale":"it_IT","og_type":"article","og_title":"Informazioni legali e crediti - GF PraLoup","og_description":"WebDesign L&#8217;UI\/UX Design e l&#8217;integrazione del CSS sono stati realizzati dall&#8217;agenzia WebSenso sulla base degli elementi forniti (logo, carta grafica, ecc.). Sviluppo Questo progetto web \u00e8 stato realizzato dall&#8217;agenzia WebSenso utilizzando il CMS WordPress: impostazioni, plugin, tema, ecc. Manutenzione WordPress TMA (Third Party Application Maintenance) \u00e8 gestito dall&#8217;agenzia WebSenso. Hosting Questo servizio \u00e8 fisicamente ospitato [&hellip;]","og_url":"https:\/\/www.gfpraloup.com\/it\/informazioni-legali-e-crediti\/","og_site_name":"GF PraLoup","article_modified_time":"2026-03-26T15:12:57+00:00","og_image":[{"width":835,"height":557,"url":"https:\/\/www.gfpraloup.com\/wp-content\/uploads\/2026\/03\/praloup-bertrand-bodin7-e1774360995988.jpg","type":"image\/jpeg"}],"twitter_card":"summary_large_image","twitter_misc":{"Tempo di lettura stimato":"2 minuto"},"schema":{"@context":"https:\/\/schema.org","@graph":[{"@type":"WebPage","@id":"https:\/\/www.gfpraloup.com\/it\/informazioni-legali-e-crediti\/","url":"https:\/\/www.gfpraloup.com\/it\/informazioni-legali-e-crediti\/","name":"Informazioni legali e crediti - GF PraLoup","isPartOf":{"@id":"https:\/\/gfpraloup.websenso.dev\/#website"},"primaryImageOfPage":{"@id":"https:\/\/www.gfpraloup.com\/it\/informazioni-legali-e-crediti\/#primaryimage"},"image":{"@id":"https:\/\/www.gfpraloup.com\/it\/informazioni-legali-e-crediti\/#primaryimage"},"thumbnailUrl":"https:\/\/www.gfpraloup.com\/wp-content\/uploads\/2026\/03\/praloup-bertrand-bodin7.jpg","datePublished":"2026-03-24T11:00:03+00:00","dateModified":"2026-03-26T15:12:57+00:00","breadcrumb":{"@id":"https:\/\/www.gfpraloup.com\/it\/informazioni-legali-e-crediti\/#breadcrumb"},"inLanguage":"it-IT","potentialAction":[{"@type":"ReadAction","target":["https:\/\/www.gfpraloup.com\/it\/informazioni-legali-e-crediti\/"]}]},{"@type":"ImageObject","inLanguage":"it-IT","@id":"https:\/\/www.gfpraloup.com\/it\/informazioni-legali-e-crediti\/#primaryimage","url":"https:\/\/www.gfpraloup.com\/wp-content\/uploads\/2026\/03\/praloup-bertrand-bodin7.jpg","contentUrl":"https:\/\/www.gfpraloup.com\/wp-content\/uploads\/2026\/03\/praloup-bertrand-bodin7.jpg"},{"@type":"BreadcrumbList","@id":"https:\/\/www.gfpraloup.com\/it\/informazioni-legali-e-crediti\/#breadcrumb","itemListElement":[{"@type":"ListItem","position":1,"name":"Accueil","item":"https:\/\/www.gfpraloup.com\/it\/"},{"@type":"ListItem","position":2,"name":"Informazioni legali e crediti"}]},{"@type":"WebSite","@id":"https:\/\/gfpraloup.websenso.dev\/#website","url":"https:\/\/gfpraloup.websenso.dev\/","name":"GF PraLoup","description":"L&#039;\u00e9v\u00e9nement cyclo de l&#039;Ubaye : 26 juillet 2026","publisher":{"@id":"https:\/\/gfpraloup.websenso.dev\/#organization"},"potentialAction":[{"@type":"SearchAction","target":{"@type":"EntryPoint","urlTemplate":"https:\/\/gfpraloup.websenso.dev\/?s={search_term_string}"},"query-input":{"@type":"PropertyValueSpecification","valueRequired":true,"valueName":"search_term_string"}}],"inLanguage":"it-IT"},{"@type":"Organization","@id":"https:\/\/gfpraloup.websenso.dev\/#organization","name":"GF PraLoup","url":"https:\/\/gfpraloup.websenso.dev\/","logo":{"@type":"ImageObject","inLanguage":"it-IT","@id":"https:\/\/gfpraloup.websenso.dev\/#\/schema\/logo\/image\/","url":"https:\/\/www.gfpraloup.com\/wp-content\/uploads\/2026\/03\/gf-praloup-logos-01.svg","contentUrl":"https:\/\/www.gfpraloup.com\/wp-content\/uploads\/2026\/03\/gf-praloup-logos-01.svg","caption":"GF PraLoup"},"image":{"@id":"https:\/\/gfpraloup.websenso.dev\/#\/schema\/logo\/image\/"},"email":"info@praloup.com","address":{"@type":"PostalAddress","streetAddress":"Maison du tourisme","addressLocality":"Pra Loup","postalCode":"04400","addressCountry":"France"},"geo":{"@type":"GeoCoordinates","latitude":44.370059,"longitude":6.600973}}]}},"_links":{"self":[{"href":"https:\/\/www.gfpraloup.com\/it\/wp-json\/wp\/v2\/pages\/722","targetHints":{"allow":["GET"]}}],"collection":[{"href":"https:\/\/www.gfpraloup.com\/it\/wp-json\/wp\/v2\/pages"}],"about":[{"href":"https:\/\/www.gfpraloup.com\/it\/wp-json\/wp\/v2\/types\/page"}],"author":[{"embeddable":true,"href":"https:\/\/www.gfpraloup.com\/it\/wp-json\/wp\/v2\/users\/1"}],"replies":[{"embeddable":true,"href":"https:\/\/www.gfpraloup.com\/it\/wp-json\/wp\/v2\/comments?post=722"}],"version-history":[{"count":1,"href":"https:\/\/www.gfpraloup.com\/it\/wp-json\/wp\/v2\/pages\/722\/revisions"}],"predecessor-version":[{"id":724,"href":"https:\/\/www.gfpraloup.com\/it\/wp-json\/wp\/v2\/pages\/722\/revisions\/724"}],"wp:attachment":[{"href":"https:\/\/www.gfpraloup.com\/it\/wp-json\/wp\/v2\/media?parent=722"}],"curies":[{"name":"wp","href":"https:\/\/api.w.org\/{rel}","templated":true}]}}