{"id":717,"date":"2026-03-24T12:00:03","date_gmt":"2026-03-24T11:00:03","guid":{"rendered":"https:\/\/www.gfpraloup.com\/legal-information-and-credits\/"},"modified":"2026-03-26T16:12:56","modified_gmt":"2026-03-26T15:12:56","slug":"legal-information-and-credits","status":"publish","type":"page","link":"https:\/\/www.gfpraloup.com\/en\/legal-information-and-credits\/","title":{"rendered":"Legal information and credits"},"content":{"rendered":"\n<div class=\"wp-block-ws-library-ws-header-interne alignfull\"><div class=\"header-container\"><div class=\"group-media has-image\"><img decoding=\"async\" src=\"https:\/\/www.gfpraloup.com\/wp-content\/uploads\/2026\/03\/praloup-bertrand-bodin7.jpg\" alt=\"\" class=\"image_large_square wp-image-369 \"\/><\/div><div class=\"group-content\"><div class=\"title\"><h1>Legal information and credits<\/h1><\/div><\/div><\/div><div class=\"yoast-breadcrumbs\"><span><span><a href=\"https:\/\/www.gfpraloup.com\/en\/\">Accueil<\/a><\/span>  <span class=\"breadcrumb_last\" aria-current=\"page\">Legal information and credits<\/span><\/span><\/div><\/div>\n<p>Ce site est la propri\u00e9t\u00e9 de : Office de Tourisme de PraLoup<\/p>\n<p>Coordonn\u00e9es :<br \/>\nMaison du tourisme<br \/>\n04400 Pra Loup, France &#8211; <a href=\"https:\/\/www.openyourmap.link\/?q=44.370059%2C6.600973\" target=\"_blank\" class=\"openYourMapLink\" rel=\"noopener\">Voir sur la carte<\/a><br \/>\nEmail : <a href=\"mailto:info@praloup.com\">info@praloup.com<\/a><br \/>\nSIREN : 97948629700018<\/p>\n\n<div class=\"wp-block-group has-global-padding is-layout-constrained wp-block-group-is-layout-constrained\">\n<div class=\"wp-block-columns is-layout-flex wp-container-core-columns-is-layout-6c531013 wp-block-columns-is-layout-flex\">\n<div class=\"wp-block-column is-layout-flow wp-block-column-is-layout-flow\">\n<h2 class=\"wp-block-heading\">WebDesign<\/h2>\n\n\n\n<p>UI \/ UX Design and CSS integration were carried out by the<a title=\"Agence WebSenso - UX design webdesign\" href=\"https:\/\/www.websenso.com\/expertises\/ux-design\" target=\"_blank\" rel=\"noopener\">WebSenso agency<\/a> on the basis of supplied elements (logo, graphic charter, etc.).<\/p>\n<\/div>\n\n\n\n<div class=\"wp-block-column is-layout-flow wp-block-column-is-layout-flow\">\n<h2 class=\"wp-block-heading\">Development<\/h2>\n\n\n\n<p>This web project was carried out by the<a title=\"Agence WebSenso - WordPress application development\" href=\"https:\/\/www.websenso.com\" target=\"_blank\" rel=\"noopener\">WebSenso agency<\/a> on the WordPress CMS: settings, plugin, theme, etc.<\/p>\n<\/div>\n<\/div>\n\n\n\n<div class=\"wp-block-columns is-layout-flex wp-container-core-columns-is-layout-6c531013 wp-block-columns-is-layout-flex\">\n<div class=\"wp-block-column is-layout-flow wp-block-column-is-layout-flow\">\n<h2 class=\"wp-block-heading\">Maintenance<\/h2>\n\n\n\n<p><a href=\"https:\/\/www.websenso.com\/expertises\/wordpress\" target=\"_blank\" rel=\"noopener\">WordPress TMA<\/a> (Third-Party Application Maintenance) is operated by the<a href=\"https:\/\/www.websenso.com\" target=\"_blank\" rel=\"noopener\">WebSenso agency<\/a>.<\/p>\n<\/div>\n\n\n\n<div class=\"wp-block-column is-layout-flow wp-block-column-is-layout-flow\">\n<h2 class=\"wp-block-heading\">Hosting<\/h2>\n\n\n\n<p>This service is physically hosted in France in an OVHCloud data center.<\/p>\n<\/div>\n<\/div>\n\n\n\n<h2 class=\"wp-block-heading\">Intellectual property<\/h2>\n\n\n\n<p>Our entity is the owner of the intellectual property rights or holds the rights of use on all the elements accessible on the site, in particular texts, images, graphics, logos, etc. So before copying, adapting or quoting this content&#8230; please obtain prior written authorization.<\/p>\n\n\n\n<h2 class=\"wp-block-heading\">Hyperlinks<\/h2>\n\n\n\n<p>During your browsing, you&#8217;ll come across several hyperlinks to other websites. Our entity does not have the possibility of checking the contents of these sites and consequently will not assume any responsibility for this fact.<\/p>\n\n\n\n<h2 class=\"wp-block-heading\">Cookies<\/h2>\n\n\n\n<p>Browsing this site causes small files called <a href=\"https:\/\/fr.wikipedia.org\/wiki\/Cookie_(informatique)\" target=\"_blank\" rel=\"nofollow noopener external\">cookies<\/a> to be installed on the user&#8217;s browser. They&#8217;re friendly and don&#8217;t take up much space. On the other hand, refusing to install a cookie may technically block access to certain services and reduce our ability to improve the browsing experience. Below is the list of cookies used.<\/p>\n\n\n\n        \n        <div class=\"table-responsive\">\n            <table class=\"table cookie-tracker-table\">\n                <thead>\n                    <tr>\n                        <th>Outil<\/th>\n                        <th>Fonctionnalit\u00e9<\/th>\n                        <th>Fichier(s)<\/th>\n                        <th>Dur\u00e9e de vie<\/th>\n                        <th>IP collect\u00e9e<\/th>\n                        <th><a href=\"https:\/\/www.eff.org\/issues\/do-not-track\" target=\"_blank\">DNT<\/a> respect\u00e9<\/th>\n                    <\/tr>\n                <\/thead>\n                <tbody>\n                    <tr>\n                        <td><strong>Ce site uniquement<\/strong> <br \/>CMS WordPress<\/td>\n                        <td>G\u00e8re les sessions utilisateur, la d\u00e9tection de JavaScript, et la persistance de la connexion.<\/td>\n                        <td>has_js<br \/>wordpress_logged_in_*<\/td>\n                        <td>Expire \u00e0 la fermeture du navigateur.<\/td>\n                        <td>-<\/td>\n                        <td>-<\/td>\n                    <\/tr>\n\n                                            <tr>\n                            <td><strong>Matomo<\/strong> <br \/>H\u00e9berg\u00e9 en France<\/td>\n                            <td>Votre navigation est mesur\u00e9e par la solution Matomo. H\u00e9berg\u00e9e sur des serveurs en France (<a href=\"https:\/\/www.websenso.com\/analytics\" target=\"_blank\">https:\/\/www.websenso.com\/analytics<\/a>), ce logiciel est configur\u00e9 avec les param\u00e8tres stricts du respect de la vie priv\u00e9.<\/td>\n                            <td> Aucun<\/td>\n                            <td>-<\/td>\n                            <td>\n                                <div style=\"color: green;\">\ud83d\ude0e R\u00e9duite<\/div>\n                                <small>IP (2 octets masqu\u00e9s)\u00a0: 216.73.xxx.xxx<\/small>\n                            <\/td>\n                            <td>\n                                -                            <\/td>\n                        <\/tr>\n                    \n                                    <\/tbody>\n            <\/table>\n        <\/div>\n\n\n\n\n\n<h2 class=\"wp-block-heading\">Personal data management<\/h2>\n\n\n\n<p>When surfing on this website, information may be collected: origin, access provider, IP address, etc. The site collects personal information for the purposes of certain services offered by this site, see above. Visitors have the right to access, rectify and object to their personal data by sending a written request to the above address.<\/p>\n\n\n\n<h2 class=\"wp-block-heading\">Applicable law and jurisdiction<\/h2>\n\n\n\n<p>Any dispute arising in connection with the use of this site is subject to French law and in the language of Moli\u00e8re. Cock-a-doodle-doo!<\/p>\n\n\n\n<h2 class=\"wp-block-heading\">Still here?<\/h2>\n\n\n\n<p>Congratulations! Because this page is surely the least interesting on this site \ud83d\ude09<\/p>\n<\/div>\n","protected":false},"excerpt":{"rendered":"<p>WebDesign UI \/ UX Design and CSS integration were carried out by theWebSenso agency on the basis of supplied elements (logo, graphic charter, etc.). Development This web project was carried out by theWebSenso agency on the WordPress CMS: settings, plugin, theme, etc. Maintenance WordPress TMA (Third-Party Application Maintenance) is operated by theWebSenso agency. Hosting This [&hellip;]<\/p>\n","protected":false},"author":1,"featured_media":0,"parent":0,"menu_order":0,"comment_status":"closed","ping_status":"closed","template":"","meta":{"menu_page_1":"","menu_page_2":"","footnotes":""},"class_list":["post-717","page","type-page","status-publish","hentry"],"yoast_head":"<!-- This site is optimized with the Yoast SEO plugin v27.2 - https:\/\/yoast.com\/product\/yoast-seo-wordpress\/ -->\n<title>Legal information and credits - GF PraLoup<\/title>\n<meta name=\"robots\" content=\"index, follow, max-snippet:-1, max-image-preview:large, max-video-preview:-1\" \/>\n<link rel=\"canonical\" href=\"https:\/\/www.gfpraloup.com\/en\/legal-information-and-credits\/\" \/>\n<meta property=\"og:locale\" content=\"en_US\" \/>\n<meta property=\"og:type\" content=\"article\" \/>\n<meta property=\"og:title\" content=\"Legal information and credits - GF PraLoup\" \/>\n<meta property=\"og:description\" content=\"WebDesign UI \/ UX Design and CSS integration were carried out by theWebSenso agency on the basis of supplied elements (logo, graphic charter, etc.). Development This web project was carried out by theWebSenso agency on the WordPress CMS: settings, plugin, theme, etc. Maintenance WordPress TMA (Third-Party Application Maintenance) is operated by theWebSenso agency. Hosting This [&hellip;]\" \/>\n<meta property=\"og:url\" content=\"https:\/\/www.gfpraloup.com\/en\/legal-information-and-credits\/\" \/>\n<meta property=\"og:site_name\" content=\"GF PraLoup\" \/>\n<meta property=\"article:modified_time\" content=\"2026-03-26T15:12:56+00:00\" \/>\n<meta property=\"og:image\" content=\"https:\/\/www.gfpraloup.com\/wp-content\/uploads\/2026\/03\/praloup-bertrand-bodin7-e1774360995988.jpg\" \/>\n\t<meta property=\"og:image:width\" content=\"835\" \/>\n\t<meta property=\"og:image:height\" content=\"557\" \/>\n\t<meta property=\"og:image:type\" content=\"image\/jpeg\" \/>\n<meta name=\"twitter:card\" content=\"summary_large_image\" \/>\n<meta name=\"twitter:label1\" content=\"Est. reading time\" \/>\n\t<meta name=\"twitter:data1\" content=\"2 minutes\" \/>\n<script type=\"application\/ld+json\" class=\"yoast-schema-graph\">{\"@context\":\"https:\/\/schema.org\",\"@graph\":[{\"@type\":\"WebPage\",\"@id\":\"https:\/\/www.gfpraloup.com\/en\/legal-information-and-credits\/\",\"url\":\"https:\/\/www.gfpraloup.com\/en\/legal-information-and-credits\/\",\"name\":\"Legal information and credits - GF PraLoup\",\"isPartOf\":{\"@id\":\"https:\/\/gfpraloup.websenso.dev\/#website\"},\"primaryImageOfPage\":{\"@id\":\"https:\/\/www.gfpraloup.com\/en\/legal-information-and-credits\/#primaryimage\"},\"image\":{\"@id\":\"https:\/\/www.gfpraloup.com\/en\/legal-information-and-credits\/#primaryimage\"},\"thumbnailUrl\":\"https:\/\/www.gfpraloup.com\/wp-content\/uploads\/2026\/03\/praloup-bertrand-bodin7.jpg\",\"datePublished\":\"2026-03-24T11:00:03+00:00\",\"dateModified\":\"2026-03-26T15:12:56+00:00\",\"breadcrumb\":{\"@id\":\"https:\/\/www.gfpraloup.com\/en\/legal-information-and-credits\/#breadcrumb\"},\"inLanguage\":\"en-US\",\"potentialAction\":[{\"@type\":\"ReadAction\",\"target\":[\"https:\/\/www.gfpraloup.com\/en\/legal-information-and-credits\/\"]}]},{\"@type\":\"ImageObject\",\"inLanguage\":\"en-US\",\"@id\":\"https:\/\/www.gfpraloup.com\/en\/legal-information-and-credits\/#primaryimage\",\"url\":\"https:\/\/www.gfpraloup.com\/wp-content\/uploads\/2026\/03\/praloup-bertrand-bodin7.jpg\",\"contentUrl\":\"https:\/\/www.gfpraloup.com\/wp-content\/uploads\/2026\/03\/praloup-bertrand-bodin7.jpg\"},{\"@type\":\"BreadcrumbList\",\"@id\":\"https:\/\/www.gfpraloup.com\/en\/legal-information-and-credits\/#breadcrumb\",\"itemListElement\":[{\"@type\":\"ListItem\",\"position\":1,\"name\":\"Accueil\",\"item\":\"https:\/\/www.gfpraloup.com\/en\/\"},{\"@type\":\"ListItem\",\"position\":2,\"name\":\"Legal information and credits\"}]},{\"@type\":\"WebSite\",\"@id\":\"https:\/\/gfpraloup.websenso.dev\/#website\",\"url\":\"https:\/\/gfpraloup.websenso.dev\/\",\"name\":\"GF PraLoup\",\"description\":\"L&#039;\u00e9v\u00e9nement cyclo de l&#039;Ubaye : 26 juillet 2026\",\"publisher\":{\"@id\":\"https:\/\/gfpraloup.websenso.dev\/#organization\"},\"potentialAction\":[{\"@type\":\"SearchAction\",\"target\":{\"@type\":\"EntryPoint\",\"urlTemplate\":\"https:\/\/gfpraloup.websenso.dev\/?s={search_term_string}\"},\"query-input\":{\"@type\":\"PropertyValueSpecification\",\"valueRequired\":true,\"valueName\":\"search_term_string\"}}],\"inLanguage\":\"en-US\"},{\"@type\":\"Organization\",\"@id\":\"https:\/\/gfpraloup.websenso.dev\/#organization\",\"name\":\"GF PraLoup\",\"url\":\"https:\/\/gfpraloup.websenso.dev\/\",\"logo\":{\"@type\":\"ImageObject\",\"inLanguage\":\"en-US\",\"@id\":\"https:\/\/gfpraloup.websenso.dev\/#\/schema\/logo\/image\/\",\"url\":\"https:\/\/www.gfpraloup.com\/wp-content\/uploads\/2026\/03\/gf-praloup-logos-01.svg\",\"contentUrl\":\"https:\/\/www.gfpraloup.com\/wp-content\/uploads\/2026\/03\/gf-praloup-logos-01.svg\",\"caption\":\"GF PraLoup\"},\"image\":{\"@id\":\"https:\/\/gfpraloup.websenso.dev\/#\/schema\/logo\/image\/\"},\"email\":\"info@praloup.com\",\"address\":{\"@type\":\"PostalAddress\",\"streetAddress\":\"Maison du tourisme\",\"addressLocality\":\"Pra Loup\",\"postalCode\":\"04400\",\"addressCountry\":\"France\"},\"geo\":{\"@type\":\"GeoCoordinates\",\"latitude\":44.370059,\"longitude\":6.600973}}]}<\/script>\n<!-- \/ Yoast SEO plugin. -->","yoast_head_json":{"title":"Legal information and credits - GF PraLoup","robots":{"index":"index","follow":"follow","max-snippet":"max-snippet:-1","max-image-preview":"max-image-preview:large","max-video-preview":"max-video-preview:-1"},"canonical":"https:\/\/www.gfpraloup.com\/en\/legal-information-and-credits\/","og_locale":"en_US","og_type":"article","og_title":"Legal information and credits - GF PraLoup","og_description":"WebDesign UI \/ UX Design and CSS integration were carried out by theWebSenso agency on the basis of supplied elements (logo, graphic charter, etc.). Development This web project was carried out by theWebSenso agency on the WordPress CMS: settings, plugin, theme, etc. Maintenance WordPress TMA (Third-Party Application Maintenance) is operated by theWebSenso agency. Hosting This [&hellip;]","og_url":"https:\/\/www.gfpraloup.com\/en\/legal-information-and-credits\/","og_site_name":"GF PraLoup","article_modified_time":"2026-03-26T15:12:56+00:00","og_image":[{"width":835,"height":557,"url":"https:\/\/www.gfpraloup.com\/wp-content\/uploads\/2026\/03\/praloup-bertrand-bodin7-e1774360995988.jpg","type":"image\/jpeg"}],"twitter_card":"summary_large_image","twitter_misc":{"Est. reading time":"2 minutes"},"schema":{"@context":"https:\/\/schema.org","@graph":[{"@type":"WebPage","@id":"https:\/\/www.gfpraloup.com\/en\/legal-information-and-credits\/","url":"https:\/\/www.gfpraloup.com\/en\/legal-information-and-credits\/","name":"Legal information and credits - GF PraLoup","isPartOf":{"@id":"https:\/\/gfpraloup.websenso.dev\/#website"},"primaryImageOfPage":{"@id":"https:\/\/www.gfpraloup.com\/en\/legal-information-and-credits\/#primaryimage"},"image":{"@id":"https:\/\/www.gfpraloup.com\/en\/legal-information-and-credits\/#primaryimage"},"thumbnailUrl":"https:\/\/www.gfpraloup.com\/wp-content\/uploads\/2026\/03\/praloup-bertrand-bodin7.jpg","datePublished":"2026-03-24T11:00:03+00:00","dateModified":"2026-03-26T15:12:56+00:00","breadcrumb":{"@id":"https:\/\/www.gfpraloup.com\/en\/legal-information-and-credits\/#breadcrumb"},"inLanguage":"en-US","potentialAction":[{"@type":"ReadAction","target":["https:\/\/www.gfpraloup.com\/en\/legal-information-and-credits\/"]}]},{"@type":"ImageObject","inLanguage":"en-US","@id":"https:\/\/www.gfpraloup.com\/en\/legal-information-and-credits\/#primaryimage","url":"https:\/\/www.gfpraloup.com\/wp-content\/uploads\/2026\/03\/praloup-bertrand-bodin7.jpg","contentUrl":"https:\/\/www.gfpraloup.com\/wp-content\/uploads\/2026\/03\/praloup-bertrand-bodin7.jpg"},{"@type":"BreadcrumbList","@id":"https:\/\/www.gfpraloup.com\/en\/legal-information-and-credits\/#breadcrumb","itemListElement":[{"@type":"ListItem","position":1,"name":"Accueil","item":"https:\/\/www.gfpraloup.com\/en\/"},{"@type":"ListItem","position":2,"name":"Legal information and credits"}]},{"@type":"WebSite","@id":"https:\/\/gfpraloup.websenso.dev\/#website","url":"https:\/\/gfpraloup.websenso.dev\/","name":"GF PraLoup","description":"L&#039;\u00e9v\u00e9nement cyclo de l&#039;Ubaye : 26 juillet 2026","publisher":{"@id":"https:\/\/gfpraloup.websenso.dev\/#organization"},"potentialAction":[{"@type":"SearchAction","target":{"@type":"EntryPoint","urlTemplate":"https:\/\/gfpraloup.websenso.dev\/?s={search_term_string}"},"query-input":{"@type":"PropertyValueSpecification","valueRequired":true,"valueName":"search_term_string"}}],"inLanguage":"en-US"},{"@type":"Organization","@id":"https:\/\/gfpraloup.websenso.dev\/#organization","name":"GF PraLoup","url":"https:\/\/gfpraloup.websenso.dev\/","logo":{"@type":"ImageObject","inLanguage":"en-US","@id":"https:\/\/gfpraloup.websenso.dev\/#\/schema\/logo\/image\/","url":"https:\/\/www.gfpraloup.com\/wp-content\/uploads\/2026\/03\/gf-praloup-logos-01.svg","contentUrl":"https:\/\/www.gfpraloup.com\/wp-content\/uploads\/2026\/03\/gf-praloup-logos-01.svg","caption":"GF PraLoup"},"image":{"@id":"https:\/\/gfpraloup.websenso.dev\/#\/schema\/logo\/image\/"},"email":"info@praloup.com","address":{"@type":"PostalAddress","streetAddress":"Maison du tourisme","addressLocality":"Pra Loup","postalCode":"04400","addressCountry":"France"},"geo":{"@type":"GeoCoordinates","latitude":44.370059,"longitude":6.600973}}]}},"_links":{"self":[{"href":"https:\/\/www.gfpraloup.com\/en\/wp-json\/wp\/v2\/pages\/717","targetHints":{"allow":["GET"]}}],"collection":[{"href":"https:\/\/www.gfpraloup.com\/en\/wp-json\/wp\/v2\/pages"}],"about":[{"href":"https:\/\/www.gfpraloup.com\/en\/wp-json\/wp\/v2\/types\/page"}],"author":[{"embeddable":true,"href":"https:\/\/www.gfpraloup.com\/en\/wp-json\/wp\/v2\/users\/1"}],"replies":[{"embeddable":true,"href":"https:\/\/www.gfpraloup.com\/en\/wp-json\/wp\/v2\/comments?post=717"}],"version-history":[{"count":1,"href":"https:\/\/www.gfpraloup.com\/en\/wp-json\/wp\/v2\/pages\/717\/revisions"}],"predecessor-version":[{"id":718,"href":"https:\/\/www.gfpraloup.com\/en\/wp-json\/wp\/v2\/pages\/717\/revisions\/718"}],"wp:attachment":[{"href":"https:\/\/www.gfpraloup.com\/en\/wp-json\/wp\/v2\/media?parent=717"}],"curies":[{"name":"wp","href":"https:\/\/api.w.org\/{rel}","templated":true}]}}